{"id":194,"date":"2020-09-24T11:27:46","date_gmt":"2020-09-24T11:27:46","guid":{"rendered":"https:\/\/proteo.yithemes.com\/food\/?page_id=194"},"modified":"2022-07-05T00:13:14","modified_gmt":"2022-07-05T00:13:14","slug":"empresa","status":"publish","type":"page","link":"http:\/\/laboratoriopg.com.uy\/index.php\/empresa\/","title":{"rendered":"Empresa"},"content":{"rendered":"\t\t<div data-elementor-type=\"wp-page\" data-elementor-id=\"194\" class=\"elementor elementor-194\">\n\t\t\t\t\t\t\t\t\t<section class=\"elementor-section elementor-top-section elementor-element elementor-element-17e81581 elementor-section-boxed elementor-section-height-default elementor-section-height-default\" data-id=\"17e81581\" data-element_type=\"section\" data-settings=\"{&quot;_ha_eqh_enable&quot;:false}\">\n\t\t\t\t\t\t<div class=\"elementor-container elementor-column-gap-default\">\n\t\t\t\t\t<div class=\"elementor-column elementor-col-100 elementor-top-column elementor-element elementor-element-21273309\" data-id=\"21273309\" data-element_type=\"column\">\n\t\t\t<div class=\"elementor-widget-wrap elementor-element-populated\">\n\t\t\t\t\t\t\t\t<div class=\"elementor-element elementor-element-cd7a31b elementor-widget elementor-widget-heading\" data-id=\"cd7a31b\" data-element_type=\"widget\" data-widget_type=\"heading.default\">\n\t\t\t\t<div class=\"elementor-widget-container\">\n\t\t\t<style>\/*! elementor - v3.6.6 - 15-06-2022 *\/\n.elementor-heading-title{padding:0;margin:0;line-height:1}.elementor-widget-heading .elementor-heading-title[class*=elementor-size-]>a{color:inherit;font-size:inherit;line-height:inherit}.elementor-widget-heading .elementor-heading-title.elementor-size-small{font-size:15px}.elementor-widget-heading .elementor-heading-title.elementor-size-medium{font-size:19px}.elementor-widget-heading .elementor-heading-title.elementor-size-large{font-size:29px}.elementor-widget-heading .elementor-heading-title.elementor-size-xl{font-size:39px}.elementor-widget-heading .elementor-heading-title.elementor-size-xxl{font-size:59px}<\/style><h2 class=\"elementor-heading-title elementor-size-default\">Quienes Somos<\/h2>\t\t<\/div>\n\t\t\t\t<\/div>\n\t\t\t\t<div class=\"elementor-element elementor-element-17bfdae elementor-widget elementor-widget-menu-anchor\" data-id=\"17bfdae\" data-element_type=\"widget\" data-widget_type=\"menu-anchor.default\">\n\t\t\t\t<div class=\"elementor-widget-container\">\n\t\t\t<style>\/*! elementor - v3.6.6 - 15-06-2022 *\/\nbody.elementor-page .elementor-widget-menu-anchor{margin-bottom:0}<\/style>\t\t<div id=\"quienes\" class=\"elementor-menu-anchor\"><\/div>\n\t\t\t\t<\/div>\n\t\t\t\t<\/div>\n\t\t\t\t\t<\/div>\n\t\t<\/div>\n\t\t\t\t\t\t\t<\/div>\n\t\t<\/section>\n\t\t\t\t<section class=\"elementor-section elementor-top-section elementor-element elementor-element-fd218a5 elementor-section-boxed elementor-section-height-default elementor-section-height-default\" data-id=\"fd218a5\" data-element_type=\"section\" data-settings=\"{&quot;_ha_eqh_enable&quot;:false}\">\n\t\t\t\t\t\t<div class=\"elementor-container elementor-column-gap-default\">\n\t\t\t\t\t<div class=\"elementor-column elementor-col-100 elementor-top-column elementor-element elementor-element-1364fde\" data-id=\"1364fde\" data-element_type=\"column\">\n\t\t\t<div class=\"elementor-widget-wrap elementor-element-populated\">\n\t\t\t\t\t\t\t\t<div class=\"elementor-element elementor-element-61d7c2d elementor-widget elementor-widget-text-editor\" data-id=\"61d7c2d\" data-element_type=\"widget\" data-widget_type=\"text-editor.default\">\n\t\t\t\t<div class=\"elementor-widget-container\">\n\t\t\t<style>\/*! elementor - v3.6.6 - 15-06-2022 *\/\n.elementor-widget-text-editor.elementor-drop-cap-view-stacked .elementor-drop-cap{background-color:#818a91;color:#fff}.elementor-widget-text-editor.elementor-drop-cap-view-framed .elementor-drop-cap{color:#818a91;border:3px solid;background-color:transparent}.elementor-widget-text-editor:not(.elementor-drop-cap-view-default) .elementor-drop-cap{margin-top:8px}.elementor-widget-text-editor:not(.elementor-drop-cap-view-default) .elementor-drop-cap-letter{width:1em;height:1em}.elementor-widget-text-editor .elementor-drop-cap{float:left;text-align:center;line-height:1;font-size:50px}.elementor-widget-text-editor .elementor-drop-cap-letter{display:inline-block}<\/style>\t\t\t\t<p>Laboratorio &amp; Consultor\u00eda Pi\u00f1eiro &#8211; Gonz\u00e1lez es un proyecto tecnol\u00f3gico y moderno, con identidad propia, que busca implementar soluciones enfocadas en aumentar la productividad y competitividad de las empresas, con alcance a nivel de todo el territorio nacional, siendo una marca diferenciadora aportando una visi\u00f3n interdisciplinaria; hacia la mejora continua y el avance de la descentralizaci\u00f3n<\/p>\n<p>Nacimos en el a\u00f1o 2022, con el fin de brindar soluciones a las necesidades detectadas en nuestros a\u00f1os de experiencia. Proponemos desarrollar actividades en el \u00e1rea anal\u00edtica de evaluaci\u00f3n, control e investigaci\u00f3n. Los servicios alcanzan la realizaci\u00f3n de an\u00e1lisis f\u00edsico-qu\u00edmicos y microbiol\u00f3gicos de diferentes matrices provenientes de producci\u00f3n primaria o de su industrializaci\u00f3n. Tambi\u00e9n ofrecemos asistencia en calibraciones de instrumentos y equipos.<\/p>\n<p>Con una apuesta integral de asesoramiento t\u00e9cnico a empresas e industrias; ofrecemos acompa\u00f1amiento en la implementaci\u00f3n del Sistema de Gesti\u00f3n integrado (ISO 9001, 14001 y 45001) y capacitaciones en diferentes \u00e1reas t\u00e9cnicas a la medida de su empresa.<\/p>\n<p>Laboratorio Pi\u00f1eiro \u2013 Gonz\u00e1lez, nacimos para buscar nuevas oportunidades, enfocados a la generaci\u00f3n de valor hacia nuestros clientes, brindando lo que mejor sabemos hacer; CREAR FUTURO DE CALIDAD.\u00a0<\/p>\t\t\t\t\t\t<\/div>\n\t\t\t\t<\/div>\n\t\t\t\t<div class=\"elementor-element elementor-element-c9a16ee elementor-aspect-ratio-169 elementor-widget elementor-widget-video\" data-id=\"c9a16ee\" data-element_type=\"widget\" data-settings=\"{&quot;youtube_url&quot;:&quot;https:\\\/\\\/www.youtube.com\\\/watch?v=yn5je55YJz8&quot;,&quot;video_type&quot;:&quot;youtube&quot;,&quot;controls&quot;:&quot;yes&quot;,&quot;aspect_ratio&quot;:&quot;169&quot;}\" data-widget_type=\"video.default\">\n\t\t\t\t<div class=\"elementor-widget-container\">\n\t\t\t<style>\/*! elementor - v3.6.6 - 15-06-2022 *\/\n.elementor-widget-video .elementor-widget-container{overflow:hidden;-webkit-transform:translateZ(0);transform:translateZ(0)}.elementor-widget-video .elementor-open-inline .elementor-custom-embed-image-overlay{position:absolute;top:0;left:0;width:100%;height:100%;background-size:cover;background-position:50%}.elementor-widget-video .elementor-custom-embed-image-overlay{cursor:pointer;text-align:center}.elementor-widget-video .elementor-custom-embed-image-overlay:hover .elementor-custom-embed-play i{opacity:1}.elementor-widget-video .elementor-custom-embed-image-overlay img{display:block;width:100%}.elementor-widget-video .e-hosted-video .elementor-video{-o-object-fit:cover;object-fit:cover}<\/style>\t\t<div class=\"elementor-wrapper elementor-fit-aspect-ratio elementor-open-inline\">\n\t\t\t<div class=\"elementor-video\"><\/div>\t\t<\/div>\n\t\t\t\t<\/div>\n\t\t\t\t<\/div>\n\t\t\t\t\t<\/div>\n\t\t<\/div>\n\t\t\t\t\t\t\t<\/div>\n\t\t<\/section>\n\t\t\t\t<section class=\"elementor-section elementor-top-section elementor-element elementor-element-2238c05 elementor-section-boxed elementor-section-height-default elementor-section-height-default\" data-id=\"2238c05\" data-element_type=\"section\" data-settings=\"{&quot;_ha_eqh_enable&quot;:false}\">\n\t\t\t\t\t\t<div class=\"elementor-container elementor-column-gap-default\">\n\t\t\t\t\t<div class=\"elementor-column elementor-col-100 elementor-top-column elementor-element elementor-element-e80ab91\" data-id=\"e80ab91\" data-element_type=\"column\">\n\t\t\t<div class=\"elementor-widget-wrap elementor-element-populated\">\n\t\t\t\t\t\t\t\t<div class=\"elementor-element elementor-element-97160cb elementor-widget elementor-widget-heading\" data-id=\"97160cb\" data-element_type=\"widget\" data-widget_type=\"heading.default\">\n\t\t\t\t<div class=\"elementor-widget-container\">\n\t\t\t<h2 class=\"elementor-heading-title elementor-size-default\">Misi\u00f3n y Visi\u00f3n<\/h2>\t\t<\/div>\n\t\t\t\t<\/div>\n\t\t\t\t<div class=\"elementor-element elementor-element-e3ec673 elementor-widget elementor-widget-menu-anchor\" data-id=\"e3ec673\" data-element_type=\"widget\" data-widget_type=\"menu-anchor.default\">\n\t\t\t\t<div class=\"elementor-widget-container\">\n\t\t\t\t\t<div id=\"mision\" class=\"elementor-menu-anchor\"><\/div>\n\t\t\t\t<\/div>\n\t\t\t\t<\/div>\n\t\t\t\t<div class=\"elementor-element elementor-element-6a2b9c8 elementor-widget elementor-widget-text-editor\" data-id=\"6a2b9c8\" data-element_type=\"widget\" data-widget_type=\"text-editor.default\">\n\t\t\t\t<div class=\"elementor-widget-container\">\n\t\t\t\t\t\t\t<p>NUESTRA VISI\u00d3N<\/p><p>Ser un servicio integral de referencia a nivel nacional, siendo reconocidos por nuestra calidad, seriedad y confiabilidad<\/p><p>NUESTRA MISI\u00d3N<\/p><p>Somos una empresa interdisciplinaria que brinda servicios anal\u00edticos, de calibraci\u00f3n de instrumentos y equipos y asesoramiento integral en distintas \u00e1reas, contemplando los requisitos de nuestros clientes y organismos reglamentarios, apuntando a la mejora continua.<\/p><p>\u00a0<\/p>\t\t\t\t\t\t<\/div>\n\t\t\t\t<\/div>\n\t\t\t\t<div class=\"elementor-element elementor-element-662e11d elementor-widget elementor-widget-heading\" data-id=\"662e11d\" data-element_type=\"widget\" data-widget_type=\"heading.default\">\n\t\t\t\t<div class=\"elementor-widget-container\">\n\t\t\t<h2 class=\"elementor-heading-title elementor-size-default\">VALORES<\/h2>\t\t<\/div>\n\t\t\t\t<\/div>\n\t\t\t\t<div class=\"elementor-element elementor-element-74bf3aa elementor-align-center elementor-icon-list--layout-traditional elementor-list-item-link-full_width elementor-widget elementor-widget-icon-list\" data-id=\"74bf3aa\" data-element_type=\"widget\" data-widget_type=\"icon-list.default\">\n\t\t\t\t<div class=\"elementor-widget-container\">\n\t\t\t<link rel=\"stylesheet\" href=\"http:\/\/laboratoriopg.com.uy\/wp-content\/plugins\/elementor\/assets\/css\/widget-icon-list.min.css\">\t\t<ul class=\"elementor-icon-list-items\">\n\t\t\t\t\t\t\t<li class=\"elementor-icon-list-item\">\n\t\t\t\t\t\t\t\t\t\t\t<span class=\"elementor-icon-list-icon\">\n\t\t\t\t\t\t\t<i aria-hidden=\"true\" class=\"fas fa-check\"><\/i>\t\t\t\t\t\t<\/span>\n\t\t\t\t\t\t\t\t\t\t<span class=\"elementor-icon-list-text\">Excelencia<\/span>\n\t\t\t\t\t\t\t\t\t<\/li>\n\t\t\t\t\t\t\t\t<li class=\"elementor-icon-list-item\">\n\t\t\t\t\t\t\t\t\t\t\t<span class=\"elementor-icon-list-icon\">\n\t\t\t\t\t\t\t<i aria-hidden=\"true\" class=\"fas fa-check\"><\/i>\t\t\t\t\t\t<\/span>\n\t\t\t\t\t\t\t\t\t\t<span class=\"elementor-icon-list-text\">Profesionalismo<\/span>\n\t\t\t\t\t\t\t\t\t<\/li>\n\t\t\t\t\t\t\t\t<li class=\"elementor-icon-list-item\">\n\t\t\t\t\t\t\t\t\t\t\t<span class=\"elementor-icon-list-icon\">\n\t\t\t\t\t\t\t<i aria-hidden=\"true\" class=\"fas fa-check\"><\/i>\t\t\t\t\t\t<\/span>\n\t\t\t\t\t\t\t\t\t\t<span class=\"elementor-icon-list-text\">Compromiso<\/span>\n\t\t\t\t\t\t\t\t\t<\/li>\n\t\t\t\t\t\t\t\t<li class=\"elementor-icon-list-item\">\n\t\t\t\t\t\t\t\t\t\t\t<span class=\"elementor-icon-list-icon\">\n\t\t\t\t\t\t\t<i aria-hidden=\"true\" class=\"fas fa-check\"><\/i>\t\t\t\t\t\t<\/span>\n\t\t\t\t\t\t\t\t\t\t<span class=\"elementor-icon-list-text\">Competitividad<\/span>\n\t\t\t\t\t\t\t\t\t<\/li>\n\t\t\t\t\t\t\t\t<li class=\"elementor-icon-list-item\">\n\t\t\t\t\t\t\t\t\t\t\t<span class=\"elementor-icon-list-icon\">\n\t\t\t\t\t\t\t<i aria-hidden=\"true\" class=\"fas fa-check\"><\/i>\t\t\t\t\t\t<\/span>\n\t\t\t\t\t\t\t\t\t\t<span class=\"elementor-icon-list-text\">Voluntad de servicio<\/span>\n\t\t\t\t\t\t\t\t\t<\/li>\n\t\t\t\t\t\t\t\t<li class=\"elementor-icon-list-item\">\n\t\t\t\t\t\t\t\t\t\t\t<span class=\"elementor-icon-list-icon\">\n\t\t\t\t\t\t\t<i aria-hidden=\"true\" class=\"fas fa-check\"><\/i>\t\t\t\t\t\t<\/span>\n\t\t\t\t\t\t\t\t\t\t<span class=\"elementor-icon-list-text\">Seguridad y respeto por el medio ambiente<\/span>\n\t\t\t\t\t\t\t\t\t<\/li>\n\t\t\t\t\t\t\t\t<li class=\"elementor-icon-list-item\">\n\t\t\t\t\t\t\t\t\t\t\t<span class=\"elementor-icon-list-icon\">\n\t\t\t\t\t\t\t<i aria-hidden=\"true\" class=\"fas fa-check\"><\/i>\t\t\t\t\t\t<\/span>\n\t\t\t\t\t\t\t\t\t\t<span class=\"elementor-icon-list-text\">Trabajo en Equipo<\/span>\n\t\t\t\t\t\t\t\t\t<\/li>\n\t\t\t\t\t\t<\/ul>\n\t\t\t\t<\/div>\n\t\t\t\t<\/div>\n\t\t\t\t\t<\/div>\n\t\t<\/div>\n\t\t\t\t\t\t\t<\/div>\n\t\t<\/section>\n\t\t\t\t<section class=\"elementor-section elementor-top-section elementor-element elementor-element-5ff2d6c elementor-section-boxed elementor-section-height-default elementor-section-height-default\" data-id=\"5ff2d6c\" data-element_type=\"section\" data-settings=\"{&quot;_ha_eqh_enable&quot;:false}\">\n\t\t\t\t\t\t<div class=\"elementor-container elementor-column-gap-default\">\n\t\t\t\t\t<div class=\"elementor-column elementor-col-100 elementor-top-column elementor-element elementor-element-33e7003\" data-id=\"33e7003\" data-element_type=\"column\">\n\t\t\t<div class=\"elementor-widget-wrap elementor-element-populated\">\n\t\t\t\t\t\t\t\t<div class=\"elementor-element elementor-element-f29d6b3 elementor-widget elementor-widget-heading\" data-id=\"f29d6b3\" data-element_type=\"widget\" data-widget_type=\"heading.default\">\n\t\t\t\t<div class=\"elementor-widget-container\">\n\t\t\t<h2 class=\"elementor-heading-title elementor-size-default\">Pol\u00edtica de Calidad<\/h2>\t\t<\/div>\n\t\t\t\t<\/div>\n\t\t\t\t<div class=\"elementor-element elementor-element-e8bc6a5 elementor-widget elementor-widget-menu-anchor\" data-id=\"e8bc6a5\" data-element_type=\"widget\" data-widget_type=\"menu-anchor.default\">\n\t\t\t\t<div class=\"elementor-widget-container\">\n\t\t\t\t\t<div id=\"calidad\" class=\"elementor-menu-anchor\"><\/div>\n\t\t\t\t<\/div>\n\t\t\t\t<\/div>\n\t\t\t\t<div class=\"elementor-element elementor-element-e5d7b49 elementor-widget elementor-widget-text-editor\" data-id=\"e5d7b49\" data-element_type=\"widget\" data-widget_type=\"text-editor.default\">\n\t\t\t\t<div class=\"elementor-widget-container\">\n\t\t\t\t\t\t\t<p>La pol\u00edtica se basa en el compromiso de su Direcci\u00f3n en:<\/p><ul><li>Brindar y mantener la m\u00e1s alta calidad anal\u00edtica, operativa y profesional, a fin de satisfacer las necesidades de los clientes.<\/li><li>Trabajar para alcanzar los objetivos estipulados por la empresa sobre el sistema de gesti\u00f3n, procurando la mejora continua, manteniendo la imparcialidad, la competencia y la operaci\u00f3n coherente del laboratorio.<\/li><li>Garantizar que el personal relacionado con la actividad de ensayos y calibraciones dentro del laboratorio reciba el entrenamiento necesario para asegurar su competencia, honestidad y profesionalismo, y a la vez, est\u00e9 familiarizado con la pol\u00edtica y documentaci\u00f3n del sistema de gesti\u00f3n<\/li><li>Asegurar la validez de sus resultados implementando un sistema de calidad seg\u00fan norma UNIT- ISO\/IEC 17025, manteniendo y mejorando su eficacia continuamente.<\/li><\/ul><p>\u00a0<\/p>\t\t\t\t\t\t<\/div>\n\t\t\t\t<\/div>\n\t\t\t\t\t<\/div>\n\t\t<\/div>\n\t\t\t\t\t\t\t<\/div>\n\t\t<\/section>\n\t\t\t\t<section class=\"elementor-section elementor-top-section elementor-element elementor-element-79110a1 elementor-section-boxed elementor-section-height-default elementor-section-height-default\" data-id=\"79110a1\" data-element_type=\"section\" data-settings=\"{&quot;_ha_eqh_enable&quot;:false}\">\n\t\t\t\t\t\t<div class=\"elementor-container elementor-column-gap-default\">\n\t\t\t\t\t<div class=\"elementor-column elementor-col-100 elementor-top-column elementor-element elementor-element-e7c0495\" data-id=\"e7c0495\" data-element_type=\"column\">\n\t\t\t<div class=\"elementor-widget-wrap elementor-element-populated\">\n\t\t\t\t\t\t\t\t<div class=\"elementor-element elementor-element-2369b17 elementor-widget elementor-widget-heading\" data-id=\"2369b17\" data-element_type=\"widget\" data-widget_type=\"heading.default\">\n\t\t\t\t<div class=\"elementor-widget-container\">\n\t\t\t<h2 class=\"elementor-heading-title elementor-size-default\">Pol\u00edtica de Confidencialidad<\/h2>\t\t<\/div>\n\t\t\t\t<\/div>\n\t\t\t\t<div class=\"elementor-element elementor-element-fe14767 elementor-widget elementor-widget-menu-anchor\" data-id=\"fe14767\" data-element_type=\"widget\" data-widget_type=\"menu-anchor.default\">\n\t\t\t\t<div class=\"elementor-widget-container\">\n\t\t\t\t\t<div id=\"confidencialidad\" class=\"elementor-menu-anchor\"><\/div>\n\t\t\t\t<\/div>\n\t\t\t\t<\/div>\n\t\t\t\t<div class=\"elementor-element elementor-element-2ef4751 elementor-widget elementor-widget-text-editor\" data-id=\"2ef4751\" data-element_type=\"widget\" data-widget_type=\"text-editor.default\">\n\t\t\t\t<div class=\"elementor-widget-container\">\n\t\t\t\t\t\t\t<p>Laboratorio &amp; Consultor\u00eda Pi\u00f1eiro &#8211; Gonz\u00e1lez establece que la Direcci\u00f3n del Laboratorio y su personal, as\u00ed como cualquier persona u organizaci\u00f3n que act\u00fae a nombre del laboratorio, se comprometen a no divulgar informaci\u00f3n que pueda perjudicar tanto al laboratorio como a sus clientes, al igual que no involucrarse en actividades que puedan disminuir el juicio e integridad de los resultados de ensayos o calibraci\u00f3n.<\/p><p>De igual manera asegura que la informaci\u00f3n es considerada confidencial y que los derechos de propiedad de los clientes son de estricto cuidado. Para su correcta aplicaci\u00f3n emplea los siguientes mecanismos:<\/p><ul><li>Con la firma (aceptaci\u00f3n) del documento de aprobaci\u00f3n de cotizaci\u00f3n, el cliente y el laboratorio aceptan las Condiciones de Prestaci\u00f3n de Servicios de Ensayo y\/o Calibraci\u00f3n, en el cual se establecen los criterios determinados por el laboratorio en relaci\u00f3n con la gesti\u00f3n de la informaci\u00f3n obtenida durante la realizaci\u00f3n de los servicios brindados por el laboratorio.<\/li><li>La comunicaci\u00f3n con los clientes esta centralizada con el fin de mantener v\u00edas exclusivas de interacci\u00f3n con los mismos y de la informaci\u00f3n que de \u00e9stos resulte.<\/li><li>Los equipos son operados por personal id\u00f3neo, capacitado y comprometido con la confidencialidad de la informaci\u00f3n que maneja.<\/li><li>No se reproducen resultados de Laboratorio, sin previa autorizaci\u00f3n la Directora T\u00e9cnicos y del Cliente.<\/li><\/ul>\t\t\t\t\t\t<\/div>\n\t\t\t\t<\/div>\n\t\t\t\t\t<\/div>\n\t\t<\/div>\n\t\t\t\t\t\t\t<\/div>\n\t\t<\/section>\n\t\t\t\t<section class=\"elementor-section elementor-top-section elementor-element elementor-element-6f55d5e elementor-section-boxed elementor-section-height-default elementor-section-height-default\" data-id=\"6f55d5e\" data-element_type=\"section\" data-settings=\"{&quot;_ha_eqh_enable&quot;:false}\">\n\t\t\t\t\t\t<div class=\"elementor-container elementor-column-gap-default\">\n\t\t\t\t\t<div class=\"elementor-column elementor-col-100 elementor-top-column elementor-element elementor-element-c6dad75\" data-id=\"c6dad75\" data-element_type=\"column\">\n\t\t\t<div class=\"elementor-widget-wrap elementor-element-populated\">\n\t\t\t\t\t\t\t\t<div class=\"elementor-element elementor-element-49ecd1c elementor-widget elementor-widget-heading\" data-id=\"49ecd1c\" data-element_type=\"widget\" data-widget_type=\"heading.default\">\n\t\t\t\t<div class=\"elementor-widget-container\">\n\t\t\t<h2 class=\"elementor-heading-title elementor-size-default\">Distinciones y Acreditaciones<\/h2>\t\t<\/div>\n\t\t\t\t<\/div>\n\t\t\t\t<div class=\"elementor-element elementor-element-4d417f8 elementor-widget elementor-widget-menu-anchor\" data-id=\"4d417f8\" data-element_type=\"widget\" data-widget_type=\"menu-anchor.default\">\n\t\t\t\t<div class=\"elementor-widget-container\">\n\t\t\t\t\t<div id=\"distinciones\" class=\"elementor-menu-anchor\"><\/div>\n\t\t\t\t<\/div>\n\t\t\t\t<\/div>\n\t\t\t\t<div class=\"elementor-element elementor-element-a5bfe93 elementor-widget elementor-widget-text-editor\" data-id=\"a5bfe93\" data-element_type=\"widget\" data-widget_type=\"text-editor.default\">\n\t\t\t\t<div class=\"elementor-widget-container\">\n\t\t\t\t\t\t\t<p>Laboratorio &amp; Consultor\u00eda Pi\u00f1eiro &#8211; Gonz\u00e1lez es un proyecto que cuenta con la distinci\u00f3n y el apoyo de la Agencia Nacional de Desarrollo a trav\u00e9s de Capital Semilla.<\/p>\t\t\t\t\t\t<\/div>\n\t\t\t\t<\/div>\n\t\t\t\t\t<\/div>\n\t\t<\/div>\n\t\t\t\t\t\t\t<\/div>\n\t\t<\/section>\n\t\t\t\t\t\t\t<\/div>\n\t\t","protected":false},"excerpt":{"rendered":"<p>Quienes Somos Laboratorio &amp; Consultor\u00eda Pi\u00f1eiro &#8211; Gonz\u00e1lez es un proyecto tecnol\u00f3gico y moderno, con identidad propia, que busca implementar soluciones enfocadas en aumentar la productividad y competitividad de las empresas, con alcance a nivel de todo el territorio nacional, siendo una marca diferenciadora aportando una visi\u00f3n interdisciplinaria; hacia la mejora continua y el avance<a class=\"more-link\" href=\"http:\/\/laboratoriopg.com.uy\/index.php\/empresa\/\">Ver m\u00e1s  &#10230;<\/a><\/p>\n","protected":false},"author":1,"featured_media":0,"parent":0,"menu_order":0,"comment_status":"closed","ping_status":"closed","template":"","meta":[],"_links":{"self":[{"href":"http:\/\/laboratoriopg.com.uy\/index.php\/wp-json\/wp\/v2\/pages\/194"}],"collection":[{"href":"http:\/\/laboratoriopg.com.uy\/index.php\/wp-json\/wp\/v2\/pages"}],"about":[{"href":"http:\/\/laboratoriopg.com.uy\/index.php\/wp-json\/wp\/v2\/types\/page"}],"author":[{"embeddable":true,"href":"http:\/\/laboratoriopg.com.uy\/index.php\/wp-json\/wp\/v2\/users\/1"}],"replies":[{"embeddable":true,"href":"http:\/\/laboratoriopg.com.uy\/index.php\/wp-json\/wp\/v2\/comments?post=194"}],"version-history":[{"count":49,"href":"http:\/\/laboratoriopg.com.uy\/index.php\/wp-json\/wp\/v2\/pages\/194\/revisions"}],"predecessor-version":[{"id":585,"href":"http:\/\/laboratoriopg.com.uy\/index.php\/wp-json\/wp\/v2\/pages\/194\/revisions\/585"}],"wp:attachment":[{"href":"http:\/\/laboratoriopg.com.uy\/index.php\/wp-json\/wp\/v2\/media?parent=194"}],"curies":[{"name":"wp","href":"https:\/\/api.w.org\/{rel}","templated":true}]}}