{"id":690,"date":"2022-06-09T18:15:46","date_gmt":"2022-06-09T18:15:46","guid":{"rendered":"http:\/\/laboratoriopg.com.uy\/?page_id=690"},"modified":"2022-07-05T00:13:04","modified_gmt":"2022-07-05T00:13:04","slug":"asesoramiento","status":"publish","type":"page","link":"http:\/\/laboratoriopg.com.uy\/index.php\/asesoramiento\/","title":{"rendered":"Asesoramiento T\u00e9cnico"},"content":{"rendered":"\t\t<div data-elementor-type=\"wp-page\" data-elementor-id=\"690\" class=\"elementor elementor-690\">\n\t\t\t\t\t\t\t\t\t<section class=\"elementor-section elementor-top-section elementor-element elementor-element-fd218a5 elementor-section-boxed elementor-section-height-default elementor-section-height-default\" data-id=\"fd218a5\" data-element_type=\"section\" data-settings=\"{&quot;_ha_eqh_enable&quot;:false}\">\n\t\t\t\t\t\t<div class=\"elementor-container elementor-column-gap-default\">\n\t\t\t\t\t<div class=\"elementor-column elementor-col-100 elementor-top-column elementor-element elementor-element-1364fde\" data-id=\"1364fde\" data-element_type=\"column\">\n\t\t\t<div class=\"elementor-widget-wrap elementor-element-populated\">\n\t\t\t\t\t\t\t\t<div class=\"elementor-element elementor-element-61d7c2d elementor-widget elementor-widget-text-editor\" data-id=\"61d7c2d\" data-element_type=\"widget\" data-widget_type=\"text-editor.default\">\n\t\t\t\t<div class=\"elementor-widget-container\">\n\t\t\t<style>\/*! elementor - v3.6.6 - 15-06-2022 *\/\n.elementor-widget-text-editor.elementor-drop-cap-view-stacked .elementor-drop-cap{background-color:#818a91;color:#fff}.elementor-widget-text-editor.elementor-drop-cap-view-framed .elementor-drop-cap{color:#818a91;border:3px solid;background-color:transparent}.elementor-widget-text-editor:not(.elementor-drop-cap-view-default) .elementor-drop-cap{margin-top:8px}.elementor-widget-text-editor:not(.elementor-drop-cap-view-default) .elementor-drop-cap-letter{width:1em;height:1em}.elementor-widget-text-editor .elementor-drop-cap{float:left;text-align:center;line-height:1;font-size:50px}.elementor-widget-text-editor .elementor-drop-cap-letter{display:inline-block}<\/style>\t\t\t\t<p>Es imprescindible tener en cuenta que los procesos de una empresa lo son todo. En su organizaci\u00f3n tambi\u00e9n. Por ello, en L&amp;C Pi\u00f1eiro \u2013 Gonz\u00e1lez, trabajamos en la b\u00fasqueda de herramientas que garanticen la eficiencia de los procesos y el desarrollo de sus actividades<\/p><p>Para ellos le brindamos:\u00a0<\/p>\t\t\t\t\t\t<\/div>\n\t\t\t\t<\/div>\n\t\t\t\t\t<\/div>\n\t\t<\/div>\n\t\t\t\t\t\t\t<\/div>\n\t\t<\/section>\n\t\t\t\t<section class=\"elementor-section elementor-top-section elementor-element elementor-element-02b2cb5 elementor-section-boxed elementor-section-height-default elementor-section-height-default\" data-id=\"02b2cb5\" data-element_type=\"section\" data-settings=\"{&quot;_ha_eqh_enable&quot;:false}\">\n\t\t\t\t\t\t<div class=\"elementor-container elementor-column-gap-default\">\n\t\t\t\t\t<div class=\"elementor-column elementor-col-20 elementor-top-column elementor-element elementor-element-e3975d3\" data-id=\"e3975d3\" data-element_type=\"column\">\n\t\t\t<div class=\"elementor-widget-wrap elementor-element-populated\">\n\t\t\t\t\t\t\t\t<div class=\"elementor-element elementor-element-0da01cd elementor-widget elementor-widget-ha-icon-box happy-addon ha-icon-box\" data-id=\"0da01cd\" data-element_type=\"widget\" data-widget_type=\"ha-icon-box.default\">\n\t\t\t\t<div class=\"elementor-widget-container\">\n\t\t\t\n\t\t\n\t\t\t\t\t\t<span class=\"ha-icon-box-icon\">\n\t\t\t\t\t<i aria-hidden=\"true\" class=\"fas fa-check-square\"><\/i>\t\t\t\t<\/span>\n\t\t<h2 class=\"ha-icon-box-title\">Diagn\u00f3stico Inicial<\/h2>\t\t<\/div>\n\t\t\t\t<\/div>\n\t\t\t\t\t<\/div>\n\t\t<\/div>\n\t\t\t\t<div class=\"elementor-column elementor-col-20 elementor-top-column elementor-element elementor-element-44236be\" data-id=\"44236be\" data-element_type=\"column\">\n\t\t\t<div class=\"elementor-widget-wrap elementor-element-populated\">\n\t\t\t\t\t\t\t\t<div class=\"elementor-element elementor-element-07c483c elementor-widget elementor-widget-ha-icon-box happy-addon ha-icon-box\" data-id=\"07c483c\" data-element_type=\"widget\" data-widget_type=\"ha-icon-box.default\">\n\t\t\t\t<div class=\"elementor-widget-container\">\n\t\t\t\n\t\t\n\t\t\t\t\t\t<span class=\"ha-icon-box-icon\">\n\t\t\t\t\t<i aria-hidden=\"true\" class=\"fas fa-clipboard-list\"><\/i>\t\t\t\t<\/span>\n\t\t<h2 class=\"ha-icon-box-title\">Planificaci\u00f3n de Proyectos<\/h2>\t\t<\/div>\n\t\t\t\t<\/div>\n\t\t\t\t\t<\/div>\n\t\t<\/div>\n\t\t\t\t<div class=\"elementor-column elementor-col-20 elementor-top-column elementor-element elementor-element-4c44e7e\" data-id=\"4c44e7e\" data-element_type=\"column\">\n\t\t\t<div class=\"elementor-widget-wrap elementor-element-populated\">\n\t\t\t\t\t\t\t\t<div class=\"elementor-element elementor-element-307b052 elementor-widget elementor-widget-ha-icon-box happy-addon ha-icon-box\" data-id=\"307b052\" data-element_type=\"widget\" data-widget_type=\"ha-icon-box.default\">\n\t\t\t\t<div class=\"elementor-widget-container\">\n\t\t\t\n\t\t\n\t\t\t\t\t\t<span class=\"ha-icon-box-icon\">\n\t\t\t\t\t<i aria-hidden=\"true\" class=\"fas fa-cogs\"><\/i>\t\t\t\t<\/span>\n\t\t<h2 class=\"ha-icon-box-title\">Implementaci\u00f3n<\/h2>\t\t<\/div>\n\t\t\t\t<\/div>\n\t\t\t\t\t<\/div>\n\t\t<\/div>\n\t\t\t\t<div class=\"elementor-column elementor-col-20 elementor-top-column elementor-element elementor-element-732df53\" data-id=\"732df53\" data-element_type=\"column\">\n\t\t\t<div class=\"elementor-widget-wrap elementor-element-populated\">\n\t\t\t\t\t\t\t\t<div class=\"elementor-element elementor-element-40d0009 elementor-widget elementor-widget-ha-icon-box happy-addon ha-icon-box\" data-id=\"40d0009\" data-element_type=\"widget\" data-widget_type=\"ha-icon-box.default\">\n\t\t\t\t<div class=\"elementor-widget-container\">\n\t\t\t\n\t\t\n\t\t\t\t\t\t<span class=\"ha-icon-box-icon\">\n\t\t\t\t\t<i aria-hidden=\"true\" class=\"fas fa-route\"><\/i>\t\t\t\t<\/span>\n\t\t<h2 class=\"ha-icon-box-title\">Seguimiento<\/h2>\t\t<\/div>\n\t\t\t\t<\/div>\n\t\t\t\t\t<\/div>\n\t\t<\/div>\n\t\t\t\t<div class=\"elementor-column elementor-col-20 elementor-top-column elementor-element elementor-element-bd7b537\" data-id=\"bd7b537\" data-element_type=\"column\">\n\t\t\t<div class=\"elementor-widget-wrap elementor-element-populated\">\n\t\t\t\t\t\t\t\t<div class=\"elementor-element elementor-element-413e694 elementor-widget elementor-widget-ha-icon-box happy-addon ha-icon-box\" data-id=\"413e694\" data-element_type=\"widget\" data-widget_type=\"ha-icon-box.default\">\n\t\t\t\t<div class=\"elementor-widget-container\">\n\t\t\t\n\t\t\n\t\t\t\t\t\t<span class=\"ha-icon-box-icon\">\n\t\t\t\t\t<i aria-hidden=\"true\" class=\"fas fa-chart-line\"><\/i>\t\t\t\t<\/span>\n\t\t<h2 class=\"ha-icon-box-title\">Mejora<\/h2>\t\t<\/div>\n\t\t\t\t<\/div>\n\t\t\t\t\t<\/div>\n\t\t<\/div>\n\t\t\t\t\t\t\t<\/div>\n\t\t<\/section>\n\t\t\t\t<section class=\"elementor-section elementor-top-section elementor-element elementor-element-6954114 elementor-section-boxed elementor-section-height-default elementor-section-height-default\" data-id=\"6954114\" data-element_type=\"section\" data-settings=\"{&quot;_ha_eqh_enable&quot;:false}\">\n\t\t\t\t\t\t<div class=\"elementor-container elementor-column-gap-default\">\n\t\t\t\t\t<div class=\"elementor-column elementor-col-100 elementor-top-column elementor-element elementor-element-cdf5004\" data-id=\"cdf5004\" data-element_type=\"column\">\n\t\t\t<div class=\"elementor-widget-wrap elementor-element-populated\">\n\t\t\t\t\t\t\t\t<div class=\"elementor-element elementor-element-c5822be elementor-widget elementor-widget-text-editor\" data-id=\"c5822be\" data-element_type=\"widget\" data-widget_type=\"text-editor.default\">\n\t\t\t\t<div class=\"elementor-widget-container\">\n\t\t\t\t\t\t\t<p><strong>Contamos con servicio t\u00e9cnico interdisciplinario, con profesionales capacitados con vasta experiencia en territorio nacional e internacional: <\/strong><\/p>\t\t\t\t\t\t<\/div>\n\t\t\t\t<\/div>\n\t\t\t\t\t<\/div>\n\t\t<\/div>\n\t\t\t\t\t\t\t<\/div>\n\t\t<\/section>\n\t\t\t\t<section class=\"elementor-section elementor-top-section elementor-element elementor-element-54e5281 elementor-section-boxed elementor-section-height-default elementor-section-height-default\" data-id=\"54e5281\" data-element_type=\"section\" data-settings=\"{&quot;_ha_eqh_enable&quot;:false}\">\n\t\t\t\t\t\t<div class=\"elementor-container elementor-column-gap-default\">\n\t\t\t\t\t<div class=\"elementor-column elementor-col-50 elementor-top-column elementor-element elementor-element-e4e91c7\" data-id=\"e4e91c7\" data-element_type=\"column\">\n\t\t\t<div class=\"elementor-widget-wrap elementor-element-populated\">\n\t\t\t\t\t\t\t\t<div class=\"elementor-element elementor-element-41b338b elementor-widget elementor-widget-text-editor\" data-id=\"41b338b\" data-element_type=\"widget\" data-widget_type=\"text-editor.default\">\n\t\t\t\t<div class=\"elementor-widget-container\">\n\t\t\t\t\t\t\t<ul><li>Procesos industriales \u2013 Consultor\u00eda de procesos<\/li><li>Qu\u00edmica \u2013 Control de calidad<\/li><li>Electr\u00f3nica, programaci\u00f3n e instrumentaci\u00f3n<\/li><li>Medio Ambiente<\/li><li>Seguridad y salud ocupacional<\/li><\/ul>\t\t\t\t\t\t<\/div>\n\t\t\t\t<\/div>\n\t\t\t\t\t<\/div>\n\t\t<\/div>\n\t\t\t\t<div class=\"elementor-column elementor-col-50 elementor-top-column elementor-element elementor-element-b55cea0\" data-id=\"b55cea0\" data-element_type=\"column\">\n\t\t\t<div class=\"elementor-widget-wrap elementor-element-populated\">\n\t\t\t\t\t\t\t\t<div class=\"elementor-element elementor-element-3bdda84 elementor-widget elementor-widget-text-editor\" data-id=\"3bdda84\" data-element_type=\"widget\" data-widget_type=\"text-editor.default\">\n\t\t\t\t<div class=\"elementor-widget-container\">\n\t\t\t\t\t\t\t<ul><li>Mantenimiento y planificaci\u00f3n<\/li><li>Contabilidad y administraci\u00f3n<\/li><li>Gesti\u00f3n humana<\/li><li>Agr\u00f3nomo<\/li><\/ul>\t\t\t\t\t\t<\/div>\n\t\t\t\t<\/div>\n\t\t\t\t\t<\/div>\n\t\t<\/div>\n\t\t\t\t\t\t\t<\/div>\n\t\t<\/section>\n\t\t\t\t\t\t\t<\/div>\n\t\t","protected":false},"excerpt":{"rendered":"<p>Es imprescindible tener en cuenta que los procesos de una empresa lo son todo. En su organizaci\u00f3n tambi\u00e9n. Por ello, en L&amp;C Pi\u00f1eiro \u2013 Gonz\u00e1lez, trabajamos en la b\u00fasqueda de herramientas que garanticen la eficiencia de los procesos y el desarrollo de sus actividades Para ellos le brindamos:&nbsp; Diagn\u00f3stico Inicial Planificaci\u00f3n de Proyectos Implementaci\u00f3n Seguimiento<a class=\"more-link\" href=\"http:\/\/laboratoriopg.com.uy\/index.php\/asesoramiento\/\">Ver m\u00e1s  &#10230;<\/a><\/p>\n","protected":false},"author":1,"featured_media":0,"parent":0,"menu_order":0,"comment_status":"closed","ping_status":"closed","template":"","meta":[],"_links":{"self":[{"href":"http:\/\/laboratoriopg.com.uy\/index.php\/wp-json\/wp\/v2\/pages\/690"}],"collection":[{"href":"http:\/\/laboratoriopg.com.uy\/index.php\/wp-json\/wp\/v2\/pages"}],"about":[{"href":"http:\/\/laboratoriopg.com.uy\/index.php\/wp-json\/wp\/v2\/types\/page"}],"author":[{"embeddable":true,"href":"http:\/\/laboratoriopg.com.uy\/index.php\/wp-json\/wp\/v2\/users\/1"}],"replies":[{"embeddable":true,"href":"http:\/\/laboratoriopg.com.uy\/index.php\/wp-json\/wp\/v2\/comments?post=690"}],"version-history":[{"count":20,"href":"http:\/\/laboratoriopg.com.uy\/index.php\/wp-json\/wp\/v2\/pages\/690\/revisions"}],"predecessor-version":[{"id":812,"href":"http:\/\/laboratoriopg.com.uy\/index.php\/wp-json\/wp\/v2\/pages\/690\/revisions\/812"}],"wp:attachment":[{"href":"http:\/\/laboratoriopg.com.uy\/index.php\/wp-json\/wp\/v2\/media?parent=690"}],"curies":[{"name":"wp","href":"https:\/\/api.w.org\/{rel}","templated":true}]}}