{"id":789,"date":"2022-07-04T23:56:37","date_gmt":"2022-07-04T23:56:37","guid":{"rendered":"http:\/\/laboratoriopg.com.uy\/?page_id=789"},"modified":"2022-07-05T00:13:24","modified_gmt":"2022-07-05T00:13:24","slug":"muestras","status":"publish","type":"page","link":"http:\/\/laboratoriopg.com.uy\/index.php\/muestras\/","title":{"rendered":"Muestras"},"content":{"rendered":"\t\t<div data-elementor-type=\"wp-page\" data-elementor-id=\"789\" class=\"elementor elementor-789\">\n\t\t\t\t\t\t\t\t\t<section class=\"elementor-section elementor-top-section elementor-element elementor-element-fd218a5 elementor-section-boxed elementor-section-height-default elementor-section-height-default\" data-id=\"fd218a5\" data-element_type=\"section\" data-settings=\"{&quot;_ha_eqh_enable&quot;:false}\">\n\t\t\t\t\t\t<div class=\"elementor-container elementor-column-gap-default\">\n\t\t\t\t\t<div class=\"elementor-column elementor-col-100 elementor-top-column elementor-element elementor-element-1364fde\" data-id=\"1364fde\" data-element_type=\"column\">\n\t\t\t<div class=\"elementor-widget-wrap elementor-element-populated\">\n\t\t\t\t\t\t\t\t<div class=\"elementor-element elementor-element-61d7c2d elementor-widget elementor-widget-text-editor\" data-id=\"61d7c2d\" data-element_type=\"widget\" data-widget_type=\"text-editor.default\">\n\t\t\t\t<div class=\"elementor-widget-container\">\n\t\t\t<style>\/*! elementor - v3.6.6 - 15-06-2022 *\/\n.elementor-widget-text-editor.elementor-drop-cap-view-stacked .elementor-drop-cap{background-color:#818a91;color:#fff}.elementor-widget-text-editor.elementor-drop-cap-view-framed .elementor-drop-cap{color:#818a91;border:3px solid;background-color:transparent}.elementor-widget-text-editor:not(.elementor-drop-cap-view-default) .elementor-drop-cap{margin-top:8px}.elementor-widget-text-editor:not(.elementor-drop-cap-view-default) .elementor-drop-cap-letter{width:1em;height:1em}.elementor-widget-text-editor .elementor-drop-cap{float:left;text-align:center;line-height:1;font-size:50px}.elementor-widget-text-editor .elementor-drop-cap-letter{display:inline-block}<\/style>\t\t\t\t<p><strong>La correcta extracci\u00f3n de la muestra es fundamental para lograr resultados representativos. <\/strong><\/p><p><strong><u>COMUNIQUESE CON NOSOTROS<\/u><\/strong> <strong>POR SERVICIO DE RECOLECCION DE MUESTRAS, PROCEDIMIENTOS DE TOMA Y CONSERVACI\u00d3N DE MUESTRAS.\u00a0 <\/strong><\/p>\t\t\t\t\t\t<\/div>\n\t\t\t\t<\/div>\n\t\t\t\t\t<\/div>\n\t\t<\/div>\n\t\t\t\t\t\t\t<\/div>\n\t\t<\/section>\n\t\t\t\t<section class=\"elementor-section elementor-top-section elementor-element elementor-element-51a62d9 elementor-section-boxed elementor-section-height-default elementor-section-height-default\" data-id=\"51a62d9\" data-element_type=\"section\" data-settings=\"{&quot;_ha_eqh_enable&quot;:false}\">\n\t\t\t\t\t\t<div class=\"elementor-container elementor-column-gap-default\">\n\t\t\t\t\t<div class=\"elementor-column elementor-col-100 elementor-top-column elementor-element elementor-element-6c223a3\" data-id=\"6c223a3\" data-element_type=\"column\">\n\t\t\t<div class=\"elementor-widget-wrap elementor-element-populated\">\n\t\t\t\t\t\t\t\t<div class=\"elementor-element elementor-element-1bb0cf7 elementor-widget elementor-widget-text-editor\" data-id=\"1bb0cf7\" data-element_type=\"widget\" data-widget_type=\"text-editor.default\">\n\t\t\t\t<div class=\"elementor-widget-container\">\n\t\t\t\t\t\t\t<p>En L&amp;C Pi\u00f1eiro \u2013 Gonz\u00e1lez le brindamos los insumos necesarios (frascos, hisopos, tubos, etc.) para realizar la correcta extracci\u00f3n de las muestras para analizar.<\/p>\t\t\t\t\t\t<\/div>\n\t\t\t\t<\/div>\n\t\t\t\t\t<\/div>\n\t\t<\/div>\n\t\t\t\t\t\t\t<\/div>\n\t\t<\/section>\n\t\t\t\t<section class=\"elementor-section elementor-top-section elementor-element elementor-element-e49caaa elementor-section-boxed elementor-section-height-default elementor-section-height-default\" data-id=\"e49caaa\" data-element_type=\"section\" data-settings=\"{&quot;_ha_eqh_enable&quot;:false}\">\n\t\t\t\t\t\t<div class=\"elementor-container elementor-column-gap-default\">\n\t\t\t\t\t<div class=\"elementor-column elementor-col-100 elementor-top-column elementor-element elementor-element-c4355ab\" data-id=\"c4355ab\" data-element_type=\"column\">\n\t\t\t<div class=\"elementor-widget-wrap elementor-element-populated\">\n\t\t\t\t\t\t\t\t<div class=\"elementor-element elementor-element-573a855 elementor-widget elementor-widget-heading\" data-id=\"573a855\" data-element_type=\"widget\" data-widget_type=\"heading.default\">\n\t\t\t\t<div class=\"elementor-widget-container\">\n\t\t\t<style>\/*! elementor - v3.6.6 - 15-06-2022 *\/\n.elementor-heading-title{padding:0;margin:0;line-height:1}.elementor-widget-heading .elementor-heading-title[class*=elementor-size-]>a{color:inherit;font-size:inherit;line-height:inherit}.elementor-widget-heading .elementor-heading-title.elementor-size-small{font-size:15px}.elementor-widget-heading .elementor-heading-title.elementor-size-medium{font-size:19px}.elementor-widget-heading .elementor-heading-title.elementor-size-large{font-size:29px}.elementor-widget-heading .elementor-heading-title.elementor-size-xl{font-size:39px}.elementor-widget-heading .elementor-heading-title.elementor-size-xxl{font-size:59px}<\/style><h2 class=\"elementor-heading-title elementor-size-default\">HORARIO DE RECEPCI\u00d3N DE MUESTRAS<\/h2>\t\t<\/div>\n\t\t\t\t<\/div>\n\t\t\t\t<div class=\"elementor-element elementor-element-e37ddb7 elementor-widget elementor-widget-text-editor\" data-id=\"e37ddb7\" data-element_type=\"widget\" data-widget_type=\"text-editor.default\">\n\t\t\t\t<div class=\"elementor-widget-container\">\n\t\t\t\t\t\t\t<p>L&amp;C Pi\u00f1eiro \u2013 Gonz\u00e1lez brinda a sus clientes un servicio de recolecci\u00f3n de muestras a domicilio dentro de la zona Urbano y sub urbana de Treinta y Tres; as\u00ed como la recepci\u00f3n de muestras por cualquier agencia de carga. Tambi\u00e9n ser\u00e1n recibidas en nuestro local.<\/p>\t\t\t\t\t\t<\/div>\n\t\t\t\t<\/div>\n\t\t\t\t\t<\/div>\n\t\t<\/div>\n\t\t\t\t\t\t\t<\/div>\n\t\t<\/section>\n\t\t\t\t<section class=\"elementor-section elementor-top-section elementor-element elementor-element-ddbbe19 elementor-section-boxed elementor-section-height-default elementor-section-height-default\" data-id=\"ddbbe19\" data-element_type=\"section\" data-settings=\"{&quot;_ha_eqh_enable&quot;:false}\">\n\t\t\t\t\t\t<div class=\"elementor-container elementor-column-gap-default\">\n\t\t\t\t\t<div class=\"elementor-column elementor-col-100 elementor-top-column elementor-element elementor-element-e08012e\" data-id=\"e08012e\" data-element_type=\"column\">\n\t\t\t<div class=\"elementor-widget-wrap elementor-element-populated\">\n\t\t\t\t\t\t\t\t<div class=\"elementor-element elementor-element-f529b10 elementor-align-center elementor-widget elementor-widget-button\" data-id=\"f529b10\" data-element_type=\"widget\" data-widget_type=\"button.default\">\n\t\t\t\t<div class=\"elementor-widget-container\">\n\t\t\t\t\t<div class=\"elementor-button-wrapper\">\n\t\t\t<a href=\"http:\/\/laboratoriopg.com.uy\/index.php\/contact\/\" class=\"elementor-button-link elementor-button elementor-size-sm\" role=\"button\">\n\t\t\t\t\t\t<span class=\"elementor-button-content-wrapper\">\n\t\t\t\t\t\t<span class=\"elementor-button-text\">Contactanos<\/span>\n\t\t<\/span>\n\t\t\t\t\t<\/a>\n\t\t<\/div>\n\t\t\t\t<\/div>\n\t\t\t\t<\/div>\n\t\t\t\t\t<\/div>\n\t\t<\/div>\n\t\t\t\t\t\t\t<\/div>\n\t\t<\/section>\n\t\t\t\t<section class=\"elementor-section elementor-top-section elementor-element elementor-element-da22502 elementor-section-boxed elementor-section-height-default elementor-section-height-default\" data-id=\"da22502\" data-element_type=\"section\" data-settings=\"{&quot;_ha_eqh_enable&quot;:false}\">\n\t\t\t\t\t\t<div class=\"elementor-container elementor-column-gap-default\">\n\t\t\t\t\t<div class=\"elementor-column elementor-col-100 elementor-top-column elementor-element elementor-element-295840c\" data-id=\"295840c\" data-element_type=\"column\">\n\t\t\t<div class=\"elementor-widget-wrap elementor-element-populated\">\n\t\t\t\t\t\t\t\t<div class=\"elementor-element elementor-element-d1e9eb4 elementor-widget elementor-widget-heading\" data-id=\"d1e9eb4\" data-element_type=\"widget\" data-widget_type=\"heading.default\">\n\t\t\t\t<div class=\"elementor-widget-container\">\n\t\t\t<h2 class=\"elementor-heading-title elementor-size-default\">PROTOCOLO DE MUESTREO<\/h2>\t\t<\/div>\n\t\t\t\t<\/div>\n\t\t\t\t<div class=\"elementor-element elementor-element-d3eca0b elementor-widget elementor-widget-text-editor\" data-id=\"d3eca0b\" data-element_type=\"widget\" data-widget_type=\"text-editor.default\">\n\t\t\t\t<div class=\"elementor-widget-container\">\n\t\t\t\t\t\t\t<p>Para optimizar el resultado del an\u00e1lisis solicitado le sugerimos seguir el protocolo que le sea indicado al momento de aprobar el documento de cotizaci\u00f3n.<\/p><p>All\u00ed se le indica las condiciones de extracci\u00f3n, conservaci\u00f3n y env\u00edo de la muestra. Es imprescindible que la misma este debidamente acompa\u00f1ada de la informaci\u00f3n que identifique la muestra de forma un\u00edvoca, identificando:<\/p><p>Datos del cliente<\/p><p>Tipo de muestra<\/p><p>Estudio a realizar<\/p><p><strong>RECHAZO DE MUESTRA:<\/strong><\/p><p>Aquellas muestras que no cumplan los criterios de calidad necesarios para el correcto an\u00e1lisis, que est\u00e9n con envase roto o da\u00f1ado, se informar\u00e1 inmediatamente al cliente quien deber\u00e1 definir si enviar\u00e1 nueva muestra para an\u00e1lisis.<\/p>\t\t\t\t\t\t<\/div>\n\t\t\t\t<\/div>\n\t\t\t\t\t<\/div>\n\t\t<\/div>\n\t\t\t\t\t\t\t<\/div>\n\t\t<\/section>\n\t\t\t\t\t\t\t<\/div>\n\t\t","protected":false},"excerpt":{"rendered":"<p>La correcta extracci\u00f3n de la muestra es fundamental para lograr resultados representativos. COMUNIQUESE CON NOSOTROS POR SERVICIO DE RECOLECCION DE MUESTRAS, PROCEDIMIENTOS DE TOMA Y CONSERVACI\u00d3N DE MUESTRAS.&nbsp; En L&amp;C Pi\u00f1eiro \u2013 Gonz\u00e1lez le brindamos los insumos necesarios (frascos, hisopos, tubos, etc.) para realizar la correcta extracci\u00f3n de las muestras para analizar. HORARIO DE RECEPCI\u00d3N<a class=\"more-link\" href=\"http:\/\/laboratoriopg.com.uy\/index.php\/muestras\/\">Ver m\u00e1s  &#10230;<\/a><\/p>\n","protected":false},"author":1,"featured_media":0,"parent":0,"menu_order":0,"comment_status":"closed","ping_status":"closed","template":"","meta":[],"_links":{"self":[{"href":"http:\/\/laboratoriopg.com.uy\/index.php\/wp-json\/wp\/v2\/pages\/789"}],"collection":[{"href":"http:\/\/laboratoriopg.com.uy\/index.php\/wp-json\/wp\/v2\/pages"}],"about":[{"href":"http:\/\/laboratoriopg.com.uy\/index.php\/wp-json\/wp\/v2\/types\/page"}],"author":[{"embeddable":true,"href":"http:\/\/laboratoriopg.com.uy\/index.php\/wp-json\/wp\/v2\/users\/1"}],"replies":[{"embeddable":true,"href":"http:\/\/laboratoriopg.com.uy\/index.php\/wp-json\/wp\/v2\/comments?post=789"}],"version-history":[{"count":17,"href":"http:\/\/laboratoriopg.com.uy\/index.php\/wp-json\/wp\/v2\/pages\/789\/revisions"}],"predecessor-version":[{"id":823,"href":"http:\/\/laboratoriopg.com.uy\/index.php\/wp-json\/wp\/v2\/pages\/789\/revisions\/823"}],"wp:attachment":[{"href":"http:\/\/laboratoriopg.com.uy\/index.php\/wp-json\/wp\/v2\/media?parent=789"}],"curies":[{"name":"wp","href":"https:\/\/api.w.org\/{rel}","templated":true}]}}